{"id":598,"date":"2022-02-22T16:06:15","date_gmt":"2022-02-22T16:06:15","guid":{"rendered":"https:\/\/danosarecycling.com\/sustentabilidade\/"},"modified":"2023-10-10T08:37:34","modified_gmt":"2023-10-10T08:37:34","slug":"sustentabilidade","status":"publish","type":"page","link":"https:\/\/danosarecycling.com\/pt-pt\/sustentabilidade\/","title":{"rendered":"Sustentabilidade"},"content":{"rendered":"\n<div class=\"wp-block-cover alignfull is-light\" style=\"min-height:1000px\" id=\"about-us-header\"><span aria-hidden=\"true\" class=\"has-background-dim-40 wp-block-cover__gradient-background has-background-dim\"><\/span><img decoding=\"async\" loading=\"lazy\" width=\"736\" height=\"416\" class=\"wp-block-cover__image-background wp-image-136\" alt=\"\" src=\"http:\/\/danosarecycling.com\/wp-content\/uploads\/2022\/02\/Danosa_reciclando_P.jpg\" data-object-fit=\"cover\" srcset=\"https:\/\/danosarecycling.com\/wp-content\/uploads\/2022\/02\/Danosa_reciclando_P.jpg 736w, https:\/\/danosarecycling.com\/wp-content\/uploads\/2022\/02\/Danosa_reciclando_P-300x170.jpg 300w\" sizes=\"(max-width: 736px) 100vw, 736px\" \/><div class=\"wp-block-cover__inner-container\">\n<div style=\"height:100px\" aria-hidden=\"true\" class=\"wp-block-spacer\"><\/div>\n\n\n\n<h1 class=\"has-ast-global-color-5-color has-text-color has-huge-font-size\" id=\"cerrando-el-circulo-1\"><strong><strong>FECHANDO O C\u00cdRCULO<\/strong><\/strong><\/h1>\n\n\n\n<div class=\"is-layout-flex wp-container-3 wp-block-columns\">\n<div class=\"is-layout-flow wp-block-column\">\n<p class=\"has-ast-global-color-5-color has-text-color has-medium-font-size\">Na Danosa concebemos nossos sistemas construtivos para reduzir as emiss\u00f5es de CO2 , utilizamos materiais reciclados para fabricar nossos produtos e reciclamos res\u00edduos pl\u00e1sticos para outras empresas.<\/p>\n<\/div>\n\n\n\n<div class=\"is-layout-flow wp-block-column\"><\/div>\n<\/div>\n\n\n\n<div class=\"is-layout-flow wp-block-group\"><div class=\"wp-block-group__inner-container\">\n<div class=\"is-layout-flow wp-block-group\"><div class=\"wp-block-group__inner-container\">\n<div class=\"is-layout-flex wp-container-16 wp-block-columns\">\n<div class=\"is-layout-flow wp-block-column\">\n<div class=\"is-layout-flex wp-container-6 wp-block-columns\">\n<div class=\"is-layout-flow wp-block-column\" style=\"flex-basis:33.33%\">\n<div class=\"wp-block-image\"><figure class=\"alignright size-full is-resized\"><img decoding=\"async\" loading=\"lazy\" src=\"http:\/\/danosarecycling.com\/wp-content\/uploads\/2022\/02\/Danosa_circulo_pie.png\" alt=\"\" class=\"wp-image-221\" width=\"40\" height=\"40\"\/><\/figure><\/div>\n<\/div>\n\n\n\n<div class=\"is-layout-flow wp-block-column\" style=\"flex-basis:66.66%\">\n<p class=\"has-ast-global-color-5-color has-text-color has-medium-font-size\">Especialistas em reciclagem de pl\u00e1sticos e poliestireno expandido.<\/p>\n<\/div>\n<\/div>\n<\/div>\n\n\n\n<div class=\"is-layout-flow wp-block-column\">\n<div class=\"is-layout-flex wp-container-10 wp-block-columns\">\n<div class=\"is-layout-flow wp-block-column\" style=\"flex-basis:33.33%\">\n<div class=\"wp-block-image\"><figure class=\"alignright size-full is-resized\"><img decoding=\"async\" loading=\"lazy\" src=\"http:\/\/danosarecycling.com\/wp-content\/uploads\/2022\/02\/Danosa_circulo_pie.png\" alt=\"\" class=\"wp-image-221\" width=\"40\" height=\"40\"\/><\/figure><\/div>\n<\/div>\n\n\n\n<div class=\"is-layout-flow wp-block-column\" style=\"flex-basis:66.66%\">\n<p class=\"has-ast-global-color-5-color has-text-color has-medium-font-size\">Mais de 8 anos de experi\u00eancia na valoriza\u00e7\u00e3o de res\u00edduos para lhes dar uma nova vida no sector da constru\u00e7\u00e3o.<\/p>\n<\/div>\n<\/div>\n<\/div>\n\n\n\n<div class=\"is-layout-flow wp-block-column\">\n<div class=\"is-layout-flex wp-container-14 wp-block-columns\">\n<div class=\"is-layout-flow wp-block-column\" style=\"flex-basis:33.33%\">\n<div class=\"wp-block-image\"><figure class=\"alignright size-full is-resized\"><img decoding=\"async\" loading=\"lazy\" src=\"http:\/\/danosarecycling.com\/wp-content\/uploads\/2022\/02\/Danosa_circulo_pie.png\" alt=\"\" class=\"wp-image-221\" width=\"40\" height=\"40\"\/><\/figure><\/div>\n<\/div>\n\n\n\n<div class=\"is-layout-flow wp-block-column\" style=\"flex-basis:66.66%\">\n<p class=\"has-ast-global-color-5-color has-text-color has-medium-font-size\">Colaboramos com empresas e institui\u00e7\u00f5es para promover a recolha de res\u00edduos do EPS e sua posterior reciclagem<\/p>\n<\/div>\n<\/div>\n<\/div>\n<\/div>\n<\/div><\/div>\n<\/div><\/div>\n<\/div><\/div>\n\n<div class=\"is-layout-flow wp-block-group\"><div class=\"wp-block-group__inner-container\">\n<p class=\"has-text-align-left has-ast-global-color-3-color has-text-color\">Desde a <strong>DANOSA RECYCLING<\/strong> queremos impulsionar uma nova forma de entender a sustentabilidade, de nos relacionar, de criar sinergias e unir experi\u00eancias para avan\u00e7ar juntos.<\/p>\n\n\n\n<p>Em 2012 a DANOSA criou a <strong>RENOVACION SOSTENIBLE<\/strong>, a empresa do grupo cuja actividade principal \u00e9 a gest\u00e3o e valoriza\u00e7\u00e3o de res\u00edduos para a sua incorpora\u00e7\u00e3o no fabrico de produtos DANOSA.<\/p>\n\n\n\n<p>Em 2016 come\u00e7\u00e1mos a comercializar res\u00edduos recuperados a outras empresas tanto em Espanha como no resto da Europa, mas foi em 2020 que decidimos ir um passo mais longe, expandindo a nossa gama de produtos reciclados atrav\u00e9s da aquisi\u00e7\u00e3o de uma empresa de reciclagem de EPS localizada em Portugal.<\/p>\n\n\n\n<p>Em 2021, expandimos as nossas instala\u00e7\u00f5es na f\u00e1brica da Danosa com uma nova linha de reciclagem de pl\u00e1stico de \u00faltima gera\u00e7\u00e3o que nos permite obter produtos em maior quantidade e qualidade com a constru\u00e7\u00e3o de um armaz\u00e9m de modo a expandir e a melhorar a capacidade de armazenamento dos materiais antes da sua transforma\u00e7\u00e3o e reciclagem, com uma superf\u00edcie total de 5.000 m\u00b2.<sup>2<\/sup>.<\/p>\n\n\n\n<p>Tamb\u00e9m em 2021, a instala\u00e7\u00e3o de reciclagem de EPS em Portugal foi transferida para um novo local a fim de modernizar as suas instala\u00e7\u00f5es e aumentar o seu crescimento.<\/p>\n\n\n\n<div style=\"height:40px\" aria-hidden=\"true\" class=\"wp-block-spacer\"><\/div>\n\n\n\n<div class=\"is-layout-flex wp-container-21 wp-block-columns\">\n<div class=\"is-layout-flow wp-block-column\" style=\"flex-basis:66.66%\">\n<h2 class=\"has-ast-global-color-0-color has-text-color has-large-font-size\" id=\"hemos-hecho-un-pacto-con-la-naturaleza\"><strong>FIZEMOS UM PACTO COM A NATUREZA<\/strong><\/h2>\n\n\n\n<p><\/p>\n<\/div>\n\n\n\n<div class=\"is-layout-flow wp-block-column\" style=\"flex-basis:33.33%\"><\/div>\n<\/div>\n\n\n\n<p>Tanto a implementa\u00e7\u00e3o de novas tecnologias no processo de produ\u00e7\u00e3o como o nosso trabalho cont\u00ednuo de investiga\u00e7\u00e3o e desenvolvimento permitiram-nos atingir n\u00edveis de qualidade de produto sem precedentes, colocando o cliente e a natureza no centro da nossa actividade.<\/p>\n\n\n\n<p>O esgotamento dos recursos materiais do planeta \u00e9 um facto que nos deve fazer questionar o nosso modelo econ\u00f3mico actual e considerar alternativas mais sustent\u00e1veis que respeitem o ambiente.<\/p>\n\n\n\n<p>A economia circular \u00e9 uma iniciativa europeia no \u00e2mbito da estrat\u00e9gia europeia 2020 que tem como objectivo reduzir tanto mat\u00e9rias-primas virgens bem como a produ\u00e7\u00e3o de desperd\u00edcios e res\u00edduos, fechando os fluxos de recursos econ\u00f3micos e ecol\u00f3gicos. O sistema linear da nossa economia atingiu os seus limites e come\u00e7a a surgir o esgotamento de recursos naturais e combust\u00edveis f\u00f3sseis. A economia circular prop\u00f5e um novo modelo que otimiza os fluxos de materiais, energia e res\u00edduos, o seu objetivo \u00e9 a efici\u00eancia da utiliza\u00e7\u00e3o dos recursos.<\/p>\n\n\n\n<div style=\"height:40px\" aria-hidden=\"true\" class=\"wp-block-spacer\"><\/div>\n\n\n\n<div class=\"wp-block-image\"><figure class=\"aligncenter size-full\"><img decoding=\"async\" loading=\"lazy\" width=\"800\" height=\"336\" src=\"https:\/\/danosarecycling.com\/wp-content\/uploads\/2022\/03\/Danosa_recycling_ODS.gif\" alt=\"\" class=\"wp-image-350\"\/><\/figure><\/div>\n\n\n\n<div style=\"height:40px\" aria-hidden=\"true\" class=\"wp-block-spacer\"><\/div>\n\n\n\n<h2 class=\"has-ast-global-color-0-color has-text-color has-large-font-size\" id=\"innovacion-y-desarrollo\"><strong>INOVA\u00c7\u00c3O E DESENVOLVIMENTO<\/strong><\/h2>\n\n\n\n<p>Para a Danosa a sustentabilidade \u00e9 o par\u00e2metro decisivo na hora de selecionar um projeto de inova\u00e7\u00e3o e desenvolvimento.<\/p>\n\n\n\n<p>A Danosa conta com uma equipa de investigadores especializados que lideram o departamento de I+D, no qual foram realizados nos \u00faltimos anos importantes investimentos em tecnologia e equipamento.<\/p>\n\n\n\n<p>Temos a capacidade e conhecimento de poder desenvolver formula\u00e7\u00f5es pr\u00f3prias para melhorar as presta\u00e7\u00f5es dos nossos produtos, certificar a composi\u00e7\u00e3o das mat\u00e9rias-primas e controlar todo o processo de fabrico.<\/p>\n\n\n\n<div style=\"height:40px\" aria-hidden=\"true\" class=\"wp-block-spacer\"><\/div>\n\n\n\n<figure class=\"wp-block-embed aligncenter is-type-rich is-provider-gestor-del-servicio wp-block-embed-gestor-del-servicio wp-embed-aspect-16-9 wp-has-aspect-ratio\"><div class=\"wp-block-embed__wrapper\">\n<div class=\"ast-oembed-container\"><iframe loading=\"lazy\" title=\"DANOSA  2020 Econom\u00eda Circular\" width=\"500\" height=\"281\" src=\"https:\/\/www.youtube.com\/embed\/lDVVW4OlKfE?feature=oembed\" frameborder=\"0\" allow=\"accelerometer; autoplay; clipboard-write; encrypted-media; gyroscope; picture-in-picture; web-share\" allowfullscreen><\/iframe><\/div>\n<\/div><\/figure>\n\n\n\n<div style=\"height:40px\" aria-hidden=\"true\" class=\"wp-block-spacer\"><\/div>\n<\/div><\/div>\n","protected":false},"excerpt":{"rendered":"<p>Desde a DANOSA RECYCLING queremos impulsionar uma nova forma de entender a sustentabilidade, de nos relacionar, de criar sinergias e unir experi\u00eancias para avan\u00e7ar juntos. Em 2012 a DANOSA criou a RENOVACION SOSTENIBLE, a empresa do grupo cuja actividade principal \u00e9 a gest\u00e3o e valoriza\u00e7\u00e3o de res\u00edduos para a sua incorpora\u00e7\u00e3o no fabrico de produtos&#8230;<\/p>\n","protected":false},"author":2,"featured_media":0,"parent":0,"menu_order":0,"comment_status":"closed","ping_status":"closed","template":"","meta":{"inline_featured_image":false,"site-sidebar-layout":"default","site-content-layout":"default","ast-main-header-display":"","ast-hfb-above-header-display":"","ast-hfb-below-header-display":"","ast-hfb-mobile-header-display":"","site-post-title":"disabled","ast-breadcrumbs-content":"","ast-featured-img":"","footer-sml-layout":"","theme-transparent-header-meta":"enabled","adv-header-id-meta":"","stick-header-meta":"","header-above-stick-meta":"","header-main-stick-meta":"","header-below-stick-meta":""},"_links":{"self":[{"href":"https:\/\/danosarecycling.com\/pt-pt\/wp-json\/wp\/v2\/pages\/598"}],"collection":[{"href":"https:\/\/danosarecycling.com\/pt-pt\/wp-json\/wp\/v2\/pages"}],"about":[{"href":"https:\/\/danosarecycling.com\/pt-pt\/wp-json\/wp\/v2\/types\/page"}],"author":[{"embeddable":true,"href":"https:\/\/danosarecycling.com\/pt-pt\/wp-json\/wp\/v2\/users\/2"}],"replies":[{"embeddable":true,"href":"https:\/\/danosarecycling.com\/pt-pt\/wp-json\/wp\/v2\/comments?post=598"}],"version-history":[{"count":6,"href":"https:\/\/danosarecycling.com\/pt-pt\/wp-json\/wp\/v2\/pages\/598\/revisions"}],"predecessor-version":[{"id":662,"href":"https:\/\/danosarecycling.com\/pt-pt\/wp-json\/wp\/v2\/pages\/598\/revisions\/662"}],"wp:attachment":[{"href":"https:\/\/danosarecycling.com\/pt-pt\/wp-json\/wp\/v2\/media?parent=598"}],"curies":[{"name":"wp","href":"https:\/\/api.w.org\/{rel}","templated":true}]}}