{"id":601,"date":"2022-02-22T14:54:46","date_gmt":"2022-02-22T14:54:46","guid":{"rendered":"https:\/\/danosarecycling.com\/sobre-nos\/"},"modified":"2023-10-10T08:43:24","modified_gmt":"2023-10-10T08:43:24","slug":"sobre-nos","status":"publish","type":"page","link":"https:\/\/danosarecycling.com\/pt-pt\/","title":{"rendered":"Sobre n\u00f3s"},"content":{"rendered":"\n<div class=\"wp-block-cover alignfull is-light\" style=\"min-height:678px\"><span aria-hidden=\"true\" class=\"wp-block-cover__background has-background-dim-0 has-background-dim\"><\/span><video class=\"wp-block-cover__video-background intrinsic-ignore\" autoplay muted loop playsinline src=\"http:\/\/danosarecycling.com\/wp-content\/uploads\/2022\/02\/Danosa_reciclajes.mp4\" data-object-fit=\"cover\"><\/video><div class=\"wp-block-cover__inner-container\">\n<div class=\"is-layout-flex wp-container-4 wp-block-columns\">\n<div class=\"is-layout-flow wp-block-column\" style=\"flex-basis:70%\">\n<h2 class=\"alignwide has-white-color has-text-color\" id=\"bienvenido-a-danosa-recycling\" style=\"font-size:55px\"><strong>Bem-vindo a <\/strong><\/h2>\n\n\n\n<h1 class=\"alignwide has-white-color has-text-color\" id=\"bienvenido-a-danosa-recycling\" style=\"font-size:70px\"><strong>DANOSA RECYCLING<\/strong><\/h1>\n\n\n\n<p class=\"has-white-color has-text-color has-medium-font-size\"><\/p>\n\n\n\n<div class=\"is-layout-flex wp-block-buttons\"><\/div>\n<\/div>\n\n\n\n<div class=\"is-layout-flow wp-block-column\" style=\"flex-basis:30%\"><\/div>\n<\/div>\n<\/div><\/div>\n\n<div style=\"height:40px\" aria-hidden=\"true\" class=\"wp-block-spacer\"><\/div>\n\n<figure class=\"wp-block-image aligncenter size-full\"><img decoding=\"async\" loading=\"lazy\" width=\"600\" height=\"232\" src=\"http:\/\/danosarecycling.com\/wp-content\/uploads\/2022\/02\/DanosaRecycling_logoAnimado_600px.gif\" alt=\"\" class=\"wp-image-307\"\/><\/figure>\n\n<div style=\"height:40px\" aria-hidden=\"true\" class=\"wp-block-spacer\"><\/div>\n\n<p>Danosa Recycling nasceu em 2012, resultado de uma necessidade da DANOSA encontrar solu\u00e7\u00f5es para a gest\u00e3o de res\u00edduos gerados no desenvolvimento da sua atividade, dando assim mais um passo no nosso compromisso com o meio ambiente e a economia circular. Actualmente, a Danosa Recycling n\u00e3o s\u00f3 valoriza os res\u00edduos gerados nos seus pr\u00f3prios processos industriais, mas tamb\u00e9m processa e recicla os res\u00edduos gerados por outros sectores para lhes dar uma segunda vida e promover a sustentabilidade no sector da constru\u00e7\u00e3o.<\/p>\n\n<div style=\"height:40px\" aria-hidden=\"true\" class=\"wp-block-spacer\"><\/div>\n\n<h2 class=\"has-ast-global-color-0-color has-text-color has-large-font-size\" id=\"desde-2013-reciclando-plasticos-para-alargar-su-vida-util-en-multiples-aplicaciones-industriales\"><strong>Desde 2013 reciclando os pl\u00e1sticos para prolongar a sua vida \u00fatil em m\u00faltiplas aplica\u00e7\u00f5es industriais.<\/strong><\/h2>\n\n<p>Na DANOSA RECYCLING somos especialistas na gest\u00e3o de res\u00edduos termopl\u00e1sticos (HDPE, LDPE, PP, EPS). sso, dispomos de linhas de processamento de alta capacidade e de tecnologia de ponta em Espanha e Portugal.<\/p>\n\n<p>Desta forma, colaboramos para favorecer e introduzir o conceito de economia circular no sector industrial, ajudando os nossos clientes a mudar o paradigma econ\u00f3mico, de uma economia linear que esgota os recursos, para uma economia circular sustent\u00e1vel que respeita o ambiente.<\/p>\n\n<div style=\"height:40px\" aria-hidden=\"true\" class=\"wp-block-spacer\"><\/div>\n\n<figure class=\"wp-block-image aligncenter size-full is-resized\"><img decoding=\"async\" src=\"https:\/\/danosarecycling.com\/wp-content\/uploads\/2022\/04\/Danosa_recycling.jpg\" alt=\"\" class=\"wp-image-462\" height=\"700\" srcset=\"https:\/\/danosarecycling.com\/wp-content\/uploads\/2022\/04\/Danosa_recycling.jpg 900w, https:\/\/danosarecycling.com\/wp-content\/uploads\/2022\/04\/Danosa_recycling-274x300.jpg 274w, https:\/\/danosarecycling.com\/wp-content\/uploads\/2022\/04\/Danosa_recycling-768x840.jpg 768w\" sizes=\"(max-width: 900px) 100vw, 900px\" \/><\/figure>\n\n<div style=\"height:40px\" aria-hidden=\"true\" class=\"wp-block-spacer\"><\/div>\n\n<h2 class=\"has-ast-global-color-0-color has-text-color has-large-font-size\" id=\"desde-2013-reciclando-plasticos-para-alargar-su-vida-util-en-multiples-aplicaciones-industriales\"><strong>Somos Economia Circular. Juntas-te a n\u00f3s?<\/strong><\/h2>\n\n<p>A reciclagem e a valoriza\u00e7\u00e3o dos res\u00edduos pl\u00e1sticos e EPS permite que muitas ind\u00fastrias introduzam nas suas cadeias de produ\u00e7\u00e3o mat\u00e9ria-prima de qualidade sem afectar o desempenho t\u00e9cnico do produto final.<\/p>\n\n<p>Exemplos disto s\u00e3o as v\u00e1rias gamas de produtos DANOSA, tais como membranas DRENANTES e GEOT\u00caXTEIS, que s\u00e3o fabricadas 100% com material reciclado, e noutras gamas como o XPS e membranas asf\u00e1lticas. A quantidade de materiais reciclados usados no seu fabrico \u00e9 muito significativa e em constante crescimento.<\/p>\n\n<div style=\"height:40px\" aria-hidden=\"true\" class=\"wp-block-spacer\"><\/div>\n\n<figure class=\"wp-block-image aligncenter size-large is-resized\"><img decoding=\"async\" loading=\"lazy\" src=\"https:\/\/danosarecycling.com\/wp-content\/uploads\/2022\/04\/BODEGON_DRENAJES_GEOTEXTILES-1024x890.jpg\" alt=\"\" class=\"wp-image-455\" width=\"768\" height=\"668\" srcset=\"https:\/\/danosarecycling.com\/wp-content\/uploads\/2022\/04\/BODEGON_DRENAJES_GEOTEXTILES-1024x890.jpg 1024w, https:\/\/danosarecycling.com\/wp-content\/uploads\/2022\/04\/BODEGON_DRENAJES_GEOTEXTILES-300x261.jpg 300w, https:\/\/danosarecycling.com\/wp-content\/uploads\/2022\/04\/BODEGON_DRENAJES_GEOTEXTILES-768x668.jpg 768w, https:\/\/danosarecycling.com\/wp-content\/uploads\/2022\/04\/BODEGON_DRENAJES_GEOTEXTILES.jpg 1200w\" sizes=\"(max-width: 768px) 100vw, 768px\" \/><figcaption class=\"wp-element-caption\">Produtos Danosa 100% fabricados com materiais reciclados<\/figcaption><\/figure>\n\n<div style=\"height:40px\" aria-hidden=\"true\" class=\"wp-block-spacer\"><\/div>\n\n<h2 class=\"has-ast-global-color-0-color has-text-color has-large-font-size\" id=\"desde-2013-reciclando-plasticos-para-alargar-su-vida-util-en-multiples-aplicaciones-industriales\"><strong>Colabora\u00e7\u00f5es e certifica\u00e7\u00f5es<\/strong><\/h2>\n\n<div class=\"is-layout-flex wp-container-8 wp-block-columns\">\n<div class=\"is-layout-flow wp-block-column\">\n<figure class=\"wp-block-image size-full is-resized\"><img decoding=\"async\" loading=\"lazy\" src=\"https:\/\/danosarecycling.com\/wp-content\/uploads\/2023\/10\/ISO_9001_Renovacion_Sostenible.jpg\" alt=\"\" class=\"wp-image-645\" width=\"283\" height=\"400\"\/><figcaption class=\"wp-element-caption\"><a href=\"https:\/\/danosarecycling.com\/wp-content\/uploads\/2023\/10\/ISO_9001_Renovacion_Sostenible.pdf\">ISO 9001 Renova\u00e7\u00e3o Sustent\u00e1vel<\/a><\/figcaption><\/figure>\n<\/div>\n\n\n\n<div class=\"is-layout-flow wp-block-column\">\n<figure class=\"wp-block-image size-full\"><img decoding=\"async\" src=\"https:\/\/www.danosa.com\/es-es\/wp-content\/uploads\/sites\/2\/2022\/01\/Danosa_BV_ES1270271.jpg\" alt=\"\" class=\"wp-image-9000\"\/><figcaption class=\"wp-element-caption\"><a href=\"https:\/\/www.danosa.com\/es-es\/wp-content\/uploads\/sites\/2\/2022\/01\/Danosa_BV_ES1270271.pdf\" target=\"_blank\" rel=\"noreferrer noopener\">Certifica\u00e7\u00e3o Bureau Veritas ES127027-1<\/a><\/figcaption><\/figure>\n<\/div>\n\n\n\n<div class=\"is-layout-flow wp-block-column\"><\/div>\n<\/div>\n\n<div class=\"is-layout-flex wp-container-11 wp-block-columns\">\n<div class=\"is-layout-flow wp-block-column\">\n<figure class=\"wp-block-image size-full\"><img decoding=\"async\" src=\"https:\/\/www.danosa.com\/es-es\/wp-content\/uploads\/sites\/2\/2022\/01\/Certificado_MORE_2021_DANOSA.jpg\" alt=\"\" class=\"wp-image-9022\"\/><figcaption class=\"wp-element-caption\"><a href=\"https:\/\/www.danosa.com\/es-es\/wp-content\/uploads\/sites\/2\/2022\/01\/Certificado-MORE-2021_DANOSA.pdf\" target=\"_blank\" rel=\"noreferrer noopener\">MORE 2021<\/a><\/figcaption><\/figure>\n<\/div>\n\n\n\n<div class=\"is-layout-flow wp-block-column\">\n<figure class=\"wp-block-image size-full\"><img decoding=\"async\" src=\"https:\/\/www.danosa.com\/es-es\/wp-content\/uploads\/sites\/2\/2022\/01\/Certificado_VYNIL_PLUS_DANOSA.jpg\" alt=\"\" class=\"wp-image-9026\"\/><figcaption class=\"wp-element-caption\"><a href=\"https:\/\/www.danosa.com\/es-es\/wp-content\/uploads\/sites\/2\/2022\/01\/Certificado_VYNIL_PLUS_DANOSA.pdf\" target=\"_blank\" rel=\"noreferrer noopener\">VYNIL PLUS 2021<\/a><\/figcaption><\/figure>\n<\/div>\n<\/div>\n\n<div class=\"wp-block-cover alignfull is-light\" style=\"min-height:729px\"><span aria-hidden=\"true\" class=\"wp-block-cover__background has-background-dim-30 has-background-dim\"><\/span><img decoding=\"async\" class=\"wp-block-cover__image-background wp-image-9039\" alt=\"\" src=\"https:\/\/www.danosa.com\/es-es\/wp-content\/uploads\/sites\/2\/2022\/01\/Danosa_fontanar_ods_11.jpg\" style=\"object-position:0% 100%\" data-object-fit=\"cover\" data-object-position=\"0% 100%\"\/><div class=\"wp-block-cover__inner-container\">\n<p class=\"has-large-font-size\"><\/p>\n<\/div><\/div>\n","protected":false},"excerpt":{"rendered":"<p>Danosa Recycling nasceu em 2012, resultado de uma necessidade da DANOSA encontrar solu\u00e7\u00f5es para a gest\u00e3o de res\u00edduos gerados no desenvolvimento da sua atividade, dando assim mais um passo no nosso compromisso com o meio ambiente e a economia circular. Actualmente, a Danosa Recycling n\u00e3o s\u00f3 valoriza os res\u00edduos gerados nos seus pr\u00f3prios processos industriais,&#8230;<\/p>\n","protected":false},"author":2,"featured_media":0,"parent":0,"menu_order":0,"comment_status":"closed","ping_status":"closed","template":"","meta":{"inline_featured_image":false,"site-sidebar-layout":"default","site-content-layout":"default","ast-main-header-display":"","ast-hfb-above-header-display":"","ast-hfb-below-header-display":"","ast-hfb-mobile-header-display":"","site-post-title":"disabled","ast-breadcrumbs-content":"","ast-featured-img":"","footer-sml-layout":"","theme-transparent-header-meta":"","adv-header-id-meta":"","stick-header-meta":"","header-above-stick-meta":"","header-main-stick-meta":"","header-below-stick-meta":""},"_links":{"self":[{"href":"https:\/\/danosarecycling.com\/pt-pt\/wp-json\/wp\/v2\/pages\/601"}],"collection":[{"href":"https:\/\/danosarecycling.com\/pt-pt\/wp-json\/wp\/v2\/pages"}],"about":[{"href":"https:\/\/danosarecycling.com\/pt-pt\/wp-json\/wp\/v2\/types\/page"}],"author":[{"embeddable":true,"href":"https:\/\/danosarecycling.com\/pt-pt\/wp-json\/wp\/v2\/users\/2"}],"replies":[{"embeddable":true,"href":"https:\/\/danosarecycling.com\/pt-pt\/wp-json\/wp\/v2\/comments?post=601"}],"version-history":[{"count":3,"href":"https:\/\/danosarecycling.com\/pt-pt\/wp-json\/wp\/v2\/pages\/601\/revisions"}],"predecessor-version":[{"id":658,"href":"https:\/\/danosarecycling.com\/pt-pt\/wp-json\/wp\/v2\/pages\/601\/revisions\/658"}],"wp:attachment":[{"href":"https:\/\/danosarecycling.com\/pt-pt\/wp-json\/wp\/v2\/media?parent=601"}],"curies":[{"name":"wp","href":"https:\/\/api.w.org\/{rel}","templated":true}]}}