{"id":604,"date":"2022-02-22T15:27:17","date_gmt":"2022-02-22T15:27:17","guid":{"rendered":"https:\/\/danosarecycling.com\/servicos\/"},"modified":"2023-10-10T08:37:26","modified_gmt":"2023-10-10T08:37:26","slug":"servicos","status":"publish","type":"page","link":"https:\/\/danosarecycling.com\/pt-pt\/servicos\/","title":{"rendered":"Servi\u00e7os"},"content":{"rendered":"\n<div class=\"wp-block-cover alignfull is-light\" style=\"min-height:780px\"><span aria-hidden=\"true\" class=\"has-background-dim-0 wp-block-cover__gradient-background has-background-dim\"><\/span><video class=\"wp-block-cover__video-background intrinsic-ignore\" autoplay muted loop playsinline src=\"http:\/\/danosarecycling.com\/wp-content\/uploads\/2022\/02\/Danosa_reciclajes_servicios.mp4\" data-object-fit=\"cover\"><\/video><div class=\"wp-block-cover__inner-container\">\n<div class=\"is-layout-flex wp-container-4 wp-block-columns\">\n<div class=\"is-layout-flow wp-block-column\" style=\"flex-basis:50%\">\n<h2 class=\"alignwide has-white-color has-text-color\" id=\"servicios\" style=\"font-size:55px\"><strong>Servi\u00e7os<\/strong><\/h2>\n\n\n\n<div class=\"is-layout-flex wp-block-buttons\"><\/div>\n<\/div>\n\n\n\n<div class=\"is-layout-flow wp-block-column\" style=\"flex-basis:50%\"><\/div>\n<\/div>\n<\/div><\/div>\n\n<div style=\"height:40px\" aria-hidden=\"true\" class=\"wp-block-spacer\"><\/div>\n\n<h2 class=\"has-ast-global-color-0-color has-text-color has-large-font-size\" id=\"reciclado-y-comercializacion-de-eps\"><strong><strong>TRANSPAR\u00caNCIA E CULTURA COLABORATIVA<\/strong><\/strong><\/h2>\n\n<p>Todas as instala\u00e7\u00f5es do Grupo onde s\u00e3o realizadas opera\u00e7\u00f5es de reciclagem de res\u00edduos contam com as autoriza\u00e7\u00f5es ambientais necess\u00e1rias para o desempenho das suas actividades.<\/p>\n\n<p>Garantimos a correcta gest\u00e3o dos seus res\u00edduos, assegurando a rastreabilidade dos materiais desde a sua recep\u00e7\u00e3o at\u00e9 ao consumo como mat\u00e9ria-prima reciclada. Comprometemo-nos com a sua circularidade fechando assim o ciclo de vida dos res\u00edduos.<\/p>\n\n<p>Acreditamos numa cultura de colabora\u00e7\u00e3o como filosofia empresarial, considerando os nossos clientes e fornecedores como verdadeiros parceiros industriais com os quais desenvolvemos a nossa atividade.<\/p>\n\n<div class=\"wp-block-image\"><figure class=\"aligncenter size-full is-resized\"><img decoding=\"async\" loading=\"lazy\" src=\"http:\/\/danosarecycling.com\/wp-content\/uploads\/2022\/02\/Danosa_recycling_cajas.png\" alt=\"\" class=\"wp-image-324\" width=\"309\" height=\"316\" srcset=\"https:\/\/danosarecycling.com\/wp-content\/uploads\/2022\/02\/Danosa_recycling_cajas.png 618w, https:\/\/danosarecycling.com\/wp-content\/uploads\/2022\/02\/Danosa_recycling_cajas-294x300.png 294w\" sizes=\"(max-width: 309px) 100vw, 309px\" \/><\/figure><\/div>\n\n<div style=\"height:40px\" aria-hidden=\"true\" class=\"wp-block-spacer\"><\/div>\n\n<h2 class=\"has-ast-global-color-0-color has-text-color has-large-font-size\" id=\"reciclado-y-comercializacion-de-eps\"><strong><strong>MAT\u00c9RIAS-PRIMAS<\/strong><\/strong><\/h2>\n\n<p>Desenvolvemos acordos com gestores de res\u00edduos, fabricantes, organismos p\u00fablicos e outros agentes p\u00fablicos e privados para promover a reciclagem e valoriza\u00e7\u00e3o dos res\u00edduos pl\u00e1sticos, propondo solu\u00e7\u00f5es comuns para evitar que os res\u00edduos acabem em aterros.<\/p>\n\n<p>A forte equipa de I&amp;D da DANOSA tem um laborat\u00f3rio de controlo de qualidade 24 horas por dia onde podemos realizar todos os testes necess\u00e1rios ap\u00f3s a aprova\u00e7\u00e3o das mat\u00e9rias-primas, assegurando que os padr\u00f5es de qualidade s\u00e3o cumpridos.<\/p>\n\n<div class=\"wp-block-image\"><figure class=\"alignleft size-full is-resized\"><img decoding=\"async\" loading=\"lazy\" src=\"https:\/\/danosarecycling.com\/wp-content\/uploads\/2022\/04\/Danosa_laboratorio-1024x406-1.jpg\" alt=\"\" class=\"wp-image-467\" width=\"1200\" height=\"476\" srcset=\"https:\/\/danosarecycling.com\/wp-content\/uploads\/2022\/04\/Danosa_laboratorio-1024x406-1.jpg 1024w, https:\/\/danosarecycling.com\/wp-content\/uploads\/2022\/04\/Danosa_laboratorio-1024x406-1-300x119.jpg 300w, https:\/\/danosarecycling.com\/wp-content\/uploads\/2022\/04\/Danosa_laboratorio-1024x406-1-768x305.jpg 768w\" sizes=\"(max-width: 1200px) 100vw, 1200px\" \/><figcaption>Danosa &#8211; laborat\u00f3rio de controlo de qualidade<\/figcaption><\/figure><\/div>\n\n<div style=\"height:40px\" aria-hidden=\"true\" class=\"wp-block-spacer\"><\/div>\n\n<h2 class=\"has-ast-global-color-0-color has-text-color has-large-font-size\" id=\"reciclado-y-comercializacion-de-eps\"><strong><strong><strong><strong>GEST\u00c3O E RECICLAGEM DE PL\u00c1STICOS<\/strong><\/strong><\/strong><\/strong><\/h2>\n\n<p>Compramos res\u00edduos pl\u00e1sticos de HDPE, LDPE, PP de diferentes origens (industrial, p\u00f3s-industrial, agr\u00edcola, p\u00f3s-consumidor, etc.) em diferentes formatos para transforma\u00e7\u00e3o em produtos acabados (granulado).<\/p>\n\n<ul><li>Polietileno de alta densidade (HDPE): material triturado e lavado de embalagens (garrafas, recipientes, embalagens, caixas, etc.), tubos, caixotes de fruta, mobili\u00e1rio urbano, etc.<\/li><li>Granulado de polipropileno (PP): material triturado e lavado de embalagens, caixas de fruta e paletes, mobili\u00e1rio urbano, PP celular, PP tecido (r\u00e1fia) e filmes alimentares, bem como PP n\u00e3o tecido limpo (por exemplo, manta agr\u00edcola, m\u00e1scaras, etc.).<\/li><li>LDPE: recipientes e embalagens flex\u00edveis, tubagens, etc.<\/li><\/ul>\n\n<div style=\"height:40px\" aria-hidden=\"true\" class=\"wp-block-spacer\"><\/div>\n\n<div class=\"wp-block-image\"><figure class=\"aligncenter size-full is-resized\"><img decoding=\"async\" loading=\"lazy\" src=\"https:\/\/danosarecycling.com\/wp-content\/uploads\/2022\/02\/Danosa_recycling_botes.png\" alt=\"\" class=\"wp-image-318\" width=\"309\" height=\"316\" srcset=\"https:\/\/danosarecycling.com\/wp-content\/uploads\/2022\/02\/Danosa_recycling_botes.png 618w, https:\/\/danosarecycling.com\/wp-content\/uploads\/2022\/02\/Danosa_recycling_botes-294x300.png 294w\" sizes=\"(max-width: 309px) 100vw, 309px\" \/><\/figure><\/div>\n\n<div style=\"height:40px\" aria-hidden=\"true\" class=\"wp-block-spacer\"><\/div>\n\n<h2 class=\"has-ast-global-color-0-color has-text-color has-large-font-size\" id=\"reciclado-y-comercializacion-de-eps\"><strong><strong><strong><strong>GEST\u00c3O E RECICLAGEM DE EPS<\/strong><\/strong><\/strong><\/strong><\/h2>\n\n<p>Possu\u00edmos uma vasta experi\u00eancia na gest\u00e3o de res\u00edduos de poliestireno expandido (EPS) e de poliestireno extrudido (XPS). Compramos material solto, prensado e briquetado de embalagens em contacto com alimentos e produtos congelados (por exemplo, caixa de peixe), embalagens de mercadorias volumosas e\/ou fr\u00e1geis (por exemplo, electrodom\u00e9sticos e electr\u00f3nica de consumo), assim como res\u00edduos provenientes da constru\u00e7\u00e3o (p.e. ch\u00e3o radiante e outros isolamentos).<\/p>\n\n<div style=\"height:40px\" aria-hidden=\"true\" class=\"wp-block-spacer\"><\/div>\n\n<div class=\"wp-block-image\"><figure class=\"aligncenter size-full is-resized\"><img decoding=\"async\" loading=\"lazy\" src=\"https:\/\/danosarecycling.com\/wp-content\/uploads\/2022\/04\/cajas_pescado.jpg\" alt=\"\" class=\"wp-image-484\" width=\"675\" height=\"693\" srcset=\"https:\/\/danosarecycling.com\/wp-content\/uploads\/2022\/04\/cajas_pescado.jpg 900w, https:\/\/danosarecycling.com\/wp-content\/uploads\/2022\/04\/cajas_pescado-292x300.jpg 292w, https:\/\/danosarecycling.com\/wp-content\/uploads\/2022\/04\/cajas_pescado-768x788.jpg 768w\" sizes=\"(max-width: 675px) 100vw, 675px\" \/><\/figure><\/div>\n\n<div style=\"height:40px\" aria-hidden=\"true\" class=\"wp-block-spacer\"><\/div>\n","protected":false},"excerpt":{"rendered":"<p>TRANSPAR\u00caNCIA E CULTURA COLABORATIVA Todas as instala\u00e7\u00f5es do Grupo onde s\u00e3o realizadas opera\u00e7\u00f5es de reciclagem de res\u00edduos contam com as autoriza\u00e7\u00f5es ambientais necess\u00e1rias para o desempenho das suas actividades. Garantimos a correcta gest\u00e3o dos seus res\u00edduos, assegurando a rastreabilidade dos materiais desde a sua recep\u00e7\u00e3o at\u00e9 ao consumo como mat\u00e9ria-prima reciclada. Comprometemo-nos com a sua&#8230;<\/p>\n","protected":false},"author":2,"featured_media":0,"parent":0,"menu_order":0,"comment_status":"closed","ping_status":"closed","template":"","meta":{"inline_featured_image":false,"site-sidebar-layout":"default","site-content-layout":"default","ast-main-header-display":"","ast-hfb-above-header-display":"","ast-hfb-below-header-display":"","ast-hfb-mobile-header-display":"","site-post-title":"disabled","ast-breadcrumbs-content":"","ast-featured-img":"","footer-sml-layout":"","theme-transparent-header-meta":"","adv-header-id-meta":"","stick-header-meta":"","header-above-stick-meta":"","header-main-stick-meta":"","header-below-stick-meta":""},"_links":{"self":[{"href":"https:\/\/danosarecycling.com\/pt-pt\/wp-json\/wp\/v2\/pages\/604"}],"collection":[{"href":"https:\/\/danosarecycling.com\/pt-pt\/wp-json\/wp\/v2\/pages"}],"about":[{"href":"https:\/\/danosarecycling.com\/pt-pt\/wp-json\/wp\/v2\/types\/page"}],"author":[{"embeddable":true,"href":"https:\/\/danosarecycling.com\/pt-pt\/wp-json\/wp\/v2\/users\/2"}],"replies":[{"embeddable":true,"href":"https:\/\/danosarecycling.com\/pt-pt\/wp-json\/wp\/v2\/comments?post=604"}],"version-history":[{"count":16,"href":"https:\/\/danosarecycling.com\/pt-pt\/wp-json\/wp\/v2\/pages\/604\/revisions"}],"predecessor-version":[{"id":657,"href":"https:\/\/danosarecycling.com\/pt-pt\/wp-json\/wp\/v2\/pages\/604\/revisions\/657"}],"wp:attachment":[{"href":"https:\/\/danosarecycling.com\/pt-pt\/wp-json\/wp\/v2\/media?parent=604"}],"curies":[{"name":"wp","href":"https:\/\/api.w.org\/{rel}","templated":true}]}}