{"id":615,"date":"2022-04-26T08:32:14","date_gmt":"2022-04-26T08:32:14","guid":{"rendered":"https:\/\/danosarecycling.com\/produtos\/"},"modified":"2023-10-10T08:37:17","modified_gmt":"2023-10-10T08:37:17","slug":"produtos","status":"publish","type":"page","link":"https:\/\/danosarecycling.com\/pt-pt\/produtos\/","title":{"rendered":"Produtos"},"content":{"rendered":"\n<div class=\"wp-block-cover alignfull is-light page-header\" style=\"min-height:297px\" id=\"jobs-header\"><span aria-hidden=\"true\" class=\"wp-block-cover__background has-background-dim-30 has-background-dim\"><\/span><img decoding=\"async\" loading=\"lazy\" width=\"1920\" height=\"1270\" class=\"wp-block-cover__image-background wp-image-448\" alt=\"\" src=\"https:\/\/danosarecycling.com\/wp-content\/uploads\/2022\/04\/productos.jpg\" data-object-fit=\"cover\" srcset=\"https:\/\/danosarecycling.com\/wp-content\/uploads\/2022\/04\/productos.jpg 1920w, https:\/\/danosarecycling.com\/wp-content\/uploads\/2022\/04\/productos-300x198.jpg 300w, https:\/\/danosarecycling.com\/wp-content\/uploads\/2022\/04\/productos-1024x677.jpg 1024w, https:\/\/danosarecycling.com\/wp-content\/uploads\/2022\/04\/productos-768x508.jpg 768w, https:\/\/danosarecycling.com\/wp-content\/uploads\/2022\/04\/productos-1536x1016.jpg 1536w\" sizes=\"(max-width: 1920px) 100vw, 1920px\" \/><div class=\"wp-block-cover__inner-container\">\n<h1 class=\"has-white-color has-text-color has-x-large-font-size\" id=\"formulario-de-contacto\">Produtos<\/h1>\n\n\n\n<p class=\"has-white-color has-text-color\"><\/p>\n<\/div><\/div>\n\n<div style=\"height:40px\" aria-hidden=\"true\" class=\"wp-block-spacer\"><\/div>\n\n<h2 class=\"has-ast-global-color-0-color has-text-color has-large-font-size\" id=\"reciclado-y-comercializacion-de-eps\"><strong><strong><strong>COMERCIALIZA\u00c7\u00c3O DE TERMOPL\u00c1STICOS RECICLADOS<\/strong><\/strong><\/strong><\/h2>\n\n<p>Oferecemos solu\u00e7\u00f5es a outras empresas interessadas em utilizar nos seus processos de fabrico mat\u00e9rias-primas recicladas em vez de mat\u00e9rias-primas virgens, garantindo a qualidade e o desempenho dos produtos fornecidos.<\/p>\n\n<p>Dispomos de sistemas de garantia cont\u00ednuos de qualidade na linha de produ\u00e7\u00e3o, bem como de um laborat\u00f3rio permanentemente durante 24 horas por dia equipado com o mais moderno equipamento necess\u00e1rio para assegurar as normas do granulado fabricado. <\/p>\n\n<div style=\"height:51px\" aria-hidden=\"true\" class=\"wp-block-spacer\"><\/div>\n\n<div class=\"is-layout-flex wp-container-7 wp-block-columns\">\n<div class=\"is-layout-flow wp-block-column\">\n<h2 class=\"has-text-align-center has-ast-global-color-0-color has-text-color has-large-font-size\"><strong>PP<\/strong><\/h2>\n\n\n\n<p class=\"has-text-align-center\"><strong><strong>Granulado de polipropileno<\/strong><\/strong><\/p>\n\n\n\n<figure class=\"wp-block-image aligncenter size-large is-resized is-style-rounded\"><img decoding=\"async\" loading=\"lazy\" src=\"https:\/\/danosarecycling.com\/wp-content\/uploads\/2022\/04\/pp-1024x879.jpg\" alt=\"\" class=\"wp-image-422\" width=\"256\" height=\"220\" srcset=\"https:\/\/danosarecycling.com\/wp-content\/uploads\/2022\/04\/pp-1024x879.jpg 1024w, https:\/\/danosarecycling.com\/wp-content\/uploads\/2022\/04\/pp-300x258.jpg 300w, https:\/\/danosarecycling.com\/wp-content\/uploads\/2022\/04\/pp-768x659.jpg 768w, https:\/\/danosarecycling.com\/wp-content\/uploads\/2022\/04\/pp-1536x1319.jpg 1536w, https:\/\/danosarecycling.com\/wp-content\/uploads\/2022\/04\/pp.jpg 1840w\" sizes=\"(max-width: 256px) 100vw, 256px\" \/><\/figure>\n\n\n\n<div style=\"height:22px\" aria-hidden=\"true\" class=\"wp-block-spacer\"><\/div>\n\n\n\n<div class=\"is-content-justification-center is-layout-flex wp-container-1 wp-block-buttons\">\n<div class=\"wp-block-button\"><a class=\"wp-block-button__link wp-element-button\" href=\"https:\/\/danosarecycling.com\/wp-content\/uploads\/2023\/01\/FT_PP.pdf\" target=\"_blank\" rel=\"noreferrer noopener\">ficha t\u00e9cnica<\/a><\/div>\n<\/div>\n<\/div>\n\n\n\n<div class=\"is-layout-flow wp-block-column\">\n<h2 class=\"has-text-align-center has-ast-global-color-0-color has-text-color has-large-font-size\"><strong><strong>HDPE<\/strong><\/strong><\/h2>\n\n\n\n<p class=\"has-text-align-center\"><strong><strong><strong>Granulado de polietileno de alta densidade<\/strong><\/strong><\/strong><\/p>\n\n\n\n<figure class=\"wp-block-image aligncenter size-large is-resized is-style-rounded\"><img decoding=\"async\" loading=\"lazy\" src=\"https:\/\/danosarecycling.com\/wp-content\/uploads\/2022\/04\/hdpe-1024x897.jpg\" alt=\"\" class=\"wp-image-427\" width=\"256\" height=\"224\" srcset=\"https:\/\/danosarecycling.com\/wp-content\/uploads\/2022\/04\/hdpe-1024x897.jpg 1024w, https:\/\/danosarecycling.com\/wp-content\/uploads\/2022\/04\/hdpe-300x263.jpg 300w, https:\/\/danosarecycling.com\/wp-content\/uploads\/2022\/04\/hdpe-768x673.jpg 768w, https:\/\/danosarecycling.com\/wp-content\/uploads\/2022\/04\/hdpe-1536x1345.jpg 1536w, https:\/\/danosarecycling.com\/wp-content\/uploads\/2022\/04\/hdpe-2048x1794.jpg 2048w\" sizes=\"(max-width: 256px) 100vw, 256px\" \/><\/figure>\n\n\n\n<div style=\"height:22px\" aria-hidden=\"true\" class=\"wp-block-spacer\"><\/div>\n\n\n\n<div class=\"is-content-justification-center is-layout-flex wp-container-3 wp-block-buttons\">\n<div class=\"wp-block-button\"><a class=\"wp-block-button__link wp-element-button\" href=\"https:\/\/danosarecycling.com\/wp-content\/uploads\/2023\/01\/FT_HDPE.pdf\" target=\"_blank\" rel=\"noreferrer noopener\">ficha t\u00e9cnica<\/a><\/div>\n<\/div>\n<\/div>\n\n\n\n<div class=\"is-layout-flow wp-block-column\">\n<h2 class=\"has-text-align-center has-ast-global-color-0-color has-text-color has-large-font-size\"><strong><strong>LDPE<\/strong><\/strong><\/h2>\n\n\n\n<p class=\"has-text-align-center\"><strong><strong><strong>Granulado de polietileno de baixa densidade<\/strong><\/strong><\/strong><\/p>\n\n\n\n<figure class=\"wp-block-image aligncenter size-full is-resized is-style-rounded\"><img decoding=\"async\" loading=\"lazy\" src=\"https:\/\/danosarecycling.com\/wp-content\/uploads\/2023\/01\/LDPE.jpg\" alt=\"\" class=\"wp-image-589\" width=\"224\" height=\"199\"\/><\/figure>\n\n\n\n<div style=\"height:22px\" aria-hidden=\"true\" class=\"wp-block-spacer\"><\/div>\n\n\n\n<div class=\"is-content-justification-center is-layout-flex wp-container-5 wp-block-buttons\">\n<div class=\"wp-block-button\"><a class=\"wp-block-button__link wp-element-button\" href=\"https:\/\/danosarecycling.com\/wp-content\/uploads\/2023\/01\/FT_LDPE.pdf\" target=\"_blank\" rel=\"noreferrer noopener\">ficha t\u00e9cnica<\/a><\/div>\n<\/div>\n<\/div>\n<\/div>\n\n<div style=\"height:71px\" aria-hidden=\"true\" class=\"wp-block-spacer\"><\/div>\n\n<p><\/p>\n","protected":false},"excerpt":{"rendered":"<p>COMERCIALIZA\u00c7\u00c3O DE TERMOPL\u00c1STICOS RECICLADOS Oferecemos solu\u00e7\u00f5es a outras empresas interessadas em utilizar nos seus processos de fabrico mat\u00e9rias-primas recicladas em vez de mat\u00e9rias-primas virgens, garantindo a qualidade e o desempenho dos produtos fornecidos. Dispomos de sistemas de garantia cont\u00ednuos de qualidade na linha de produ\u00e7\u00e3o, bem como de um laborat\u00f3rio permanentemente durante 24 horas por&#8230;<\/p>\n","protected":false},"author":2,"featured_media":0,"parent":0,"menu_order":0,"comment_status":"closed","ping_status":"closed","template":"","meta":{"inline_featured_image":false,"site-sidebar-layout":"default","site-content-layout":"default","ast-main-header-display":"","ast-hfb-above-header-display":"","ast-hfb-below-header-display":"","ast-hfb-mobile-header-display":"","site-post-title":"disabled","ast-breadcrumbs-content":"","ast-featured-img":"","footer-sml-layout":"","theme-transparent-header-meta":"","adv-header-id-meta":"","stick-header-meta":"","header-above-stick-meta":"","header-main-stick-meta":"","header-below-stick-meta":""},"_links":{"self":[{"href":"https:\/\/danosarecycling.com\/pt-pt\/wp-json\/wp\/v2\/pages\/615"}],"collection":[{"href":"https:\/\/danosarecycling.com\/pt-pt\/wp-json\/wp\/v2\/pages"}],"about":[{"href":"https:\/\/danosarecycling.com\/pt-pt\/wp-json\/wp\/v2\/types\/page"}],"author":[{"embeddable":true,"href":"https:\/\/danosarecycling.com\/pt-pt\/wp-json\/wp\/v2\/users\/2"}],"replies":[{"embeddable":true,"href":"https:\/\/danosarecycling.com\/pt-pt\/wp-json\/wp\/v2\/comments?post=615"}],"version-history":[{"count":8,"href":"https:\/\/danosarecycling.com\/pt-pt\/wp-json\/wp\/v2\/pages\/615\/revisions"}],"predecessor-version":[{"id":627,"href":"https:\/\/danosarecycling.com\/pt-pt\/wp-json\/wp\/v2\/pages\/615\/revisions\/627"}],"wp:attachment":[{"href":"https:\/\/danosarecycling.com\/pt-pt\/wp-json\/wp\/v2\/media?parent=615"}],"curies":[{"name":"wp","href":"https:\/\/api.w.org\/{rel}","templated":true}]}}