{"id":631,"date":"2022-02-22T15:40:09","date_gmt":"2022-02-22T15:40:09","guid":{"rendered":"https:\/\/danosarecycling.com\/contacto\/"},"modified":"2023-10-10T08:36:54","modified_gmt":"2023-10-10T08:36:54","slug":"contacto","status":"publish","type":"page","link":"https:\/\/danosarecycling.com\/pt-pt\/contacto\/","title":{"rendered":"Contacto"},"content":{"rendered":"\n<div class=\"wp-block-cover alignfull is-light page-header\" style=\"min-height:368px\" id=\"jobs-header\"><span aria-hidden=\"true\" class=\"has-background-dim-30 wp-block-cover__gradient-background has-background-dim\"><\/span><img decoding=\"async\" loading=\"lazy\" width=\"1920\" height=\"552\" class=\"wp-block-cover__image-background wp-image-229\" alt=\"\" src=\"http:\/\/danosarecycling.com\/wp-content\/uploads\/2022\/02\/Danosa_fontanar.png\" data-object-fit=\"cover\" srcset=\"https:\/\/danosarecycling.com\/wp-content\/uploads\/2022\/02\/Danosa_fontanar.png 1920w, https:\/\/danosarecycling.com\/wp-content\/uploads\/2022\/02\/Danosa_fontanar-300x86.png 300w, https:\/\/danosarecycling.com\/wp-content\/uploads\/2022\/02\/Danosa_fontanar-1024x294.png 1024w, https:\/\/danosarecycling.com\/wp-content\/uploads\/2022\/02\/Danosa_fontanar-768x221.png 768w, https:\/\/danosarecycling.com\/wp-content\/uploads\/2022\/02\/Danosa_fontanar-1536x442.png 1536w\" sizes=\"(max-width: 1920px) 100vw, 1920px\" \/><div class=\"wp-block-cover__inner-container\">\n<h1 class=\"has-white-color has-text-color has-x-large-font-size\" id=\"formulario-de-contacto\">Formul\u00e1rio de contacto<\/h1>\n\n\n\n<p class=\"has-white-color has-text-color\"><\/p>\n<\/div><\/div>\n\n<div class=\"is-layout-flex wp-container-4 wp-block-columns\" id=\"contact-container\">\n<div class=\"is-layout-flow wp-block-column\" style=\"flex-basis:70%\" id=\"contact-container-form\">\n<h2 id=\"pongase-en-contacto\">Contacte-nos<\/h2>\n\n\n\n<p>Por favor, preencha o seguinte formul\u00e1rio e entraremos em contacto consigo o mais rapidamente poss\u00edvel.<\/p>\n\n\n\n<div class=\"wp-block-contact-form-7-contact-form-selector\"><div role=\"form\" class=\"wpcf7\" id=\"wpcf7-f99-o1\" lang=\"es-ES\" dir=\"ltr\">\n<div class=\"screen-reader-response\"><p role=\"status\" aria-live=\"polite\" aria-atomic=\"true\"><\/p> <ul><\/ul><\/div>\n<form action=\"\/pt-pt\/wp-json\/wp\/v2\/pages\/631#wpcf7-f99-o1\" method=\"post\" class=\"wpcf7-form init\" novalidate=\"novalidate\" data-status=\"init\">\n<div style=\"display: none;\">\n<input type=\"hidden\" name=\"_wpcf7\" value=\"99\" \/>\n<input type=\"hidden\" name=\"_wpcf7_version\" value=\"5.5.5\" \/>\n<input type=\"hidden\" name=\"_wpcf7_locale\" value=\"es_ES\" \/>\n<input type=\"hidden\" name=\"_wpcf7_unit_tag\" value=\"wpcf7-f99-o1\" \/>\n<input type=\"hidden\" name=\"_wpcf7_container_post\" value=\"0\" \/>\n<input type=\"hidden\" name=\"_wpcf7_posted_data_hash\" value=\"\" \/>\n<\/div>\n<div class=\"wp-block-columns\">\n<div class=\"wp-block-column\">\n        <label><br \/>\n            <span>Nombre:<\/span><br \/>\n            <span class=\"wpcf7-form-control-wrap your-name\"><input type=\"text\" name=\"your-name\" value=\"\" size=\"40\" class=\"wpcf7-form-control wpcf7-text wpcf7-validates-as-required\" aria-required=\"true\" aria-invalid=\"false\" \/><\/span><br \/>\n        <\/label>\n    <\/div>\n<div class=\"wp-block-column\">\n        <label><br \/>\n            <span>Apellidos:<\/span><br \/>\n            <span class=\"wpcf7-form-control-wrap your-surnames\"><input type=\"text\" name=\"your-surnames\" value=\"\" size=\"40\" class=\"wpcf7-form-control wpcf7-text wpcf7-validates-as-required\" aria-required=\"true\" aria-invalid=\"false\" \/><\/span><br \/>\n        <\/label>\n    <\/div>\n<\/div>\n<div class=\"wp-block-columns\">\n<div class=\"wp-block-column\">\n        <label><br \/>\n            <span>E-mail:<\/span><br \/>\n            <span class=\"wpcf7-form-control-wrap your-email\"><input type=\"email\" name=\"your-email\" value=\"\" size=\"40\" class=\"wpcf7-form-control wpcf7-text wpcf7-email wpcf7-validates-as-required wpcf7-validates-as-email\" aria-required=\"true\" aria-invalid=\"false\" \/><\/span><br \/>\n        <\/label>\n    <\/div>\n<div class=\"wp-block-column\">\n        <label><br \/>\n            Tel\u00e9fono:<br \/>\n            <span><span class=\"wpcf7-form-control-wrap phone\"><input type=\"text\" name=\"phone\" value=\"\" size=\"40\" class=\"wpcf7-form-control wpcf7-text wpcf7-validates-as-required\" aria-required=\"true\" aria-invalid=\"false\" \/><\/span><\/span><br \/>\n        <\/label>\n    <\/div>\n<\/div>\n<div class=\"wp-block-columns\">\n<div class=\"wp-block-column\">\n        <label><br \/>\n            Compa\u00f1ia:<br \/>\n            <span><span class=\"wpcf7-form-control-wrap company\"><input type=\"text\" name=\"company\" value=\"\" size=\"40\" class=\"wpcf7-form-control wpcf7-text wpcf7-validates-as-required\" aria-required=\"true\" aria-invalid=\"false\" \/><\/span><\/span><br \/>\n        <\/label>\n    <\/div>\n<div class=\"wp-block-column\">\n        <label><br \/>\n            <span>Actividad:<\/span><br \/>\n            <span class=\"wpcf7-form-control-wrap activity\"><select name=\"activity\" class=\"wpcf7-form-control wpcf7-select wpcf7-validates-as-required\" aria-required=\"true\" aria-invalid=\"false\"><option value=\"Selecione...\">Selecione...<\/option><option value=\"Constructora\">Constructora<\/option><option value=\"Promotora\">Promotora<\/option><option value=\"Arquitectura\/Ingenier\u00eda\">Arquitectura\/Ingenier\u00eda<\/option><option value=\"Instalador\">Instalador<\/option><option value=\"Distribuidor\">Distribuidor<\/option><option value=\"Particular\">Particular<\/option><option value=\"Estudiante\">Estudiante<\/option><option value=\"Otros\">Otros<\/option><\/select><\/span><br \/>\n        <\/label>\n    <\/div>\n<\/div>\n<div class=\"wp-block-columns\">\n<div class=\"wp-block-column\">\n        <label><br \/>\n            <span>C\u00f3digo Postal:<\/span><br \/>\n            <span class=\"wpcf7-form-control-wrap pc\"><input type=\"text\" name=\"pc\" value=\"\" size=\"40\" class=\"wpcf7-form-control wpcf7-text wpcf7-validates-as-required\" aria-required=\"true\" aria-invalid=\"false\" \/><\/span><br \/>\n        <\/label>\n    <\/div>\n<div class=\"wp-block-column\">\n        <label><br \/>\n            <span>Ciudad:<\/span><br \/>\n            <span class=\"wpcf7-form-control-wrap city\"><input type=\"text\" name=\"city\" value=\"\" size=\"40\" class=\"wpcf7-form-control wpcf7-text wpcf7-validates-as-required\" aria-required=\"true\" aria-invalid=\"false\" \/><\/span><br \/>\n        <\/label>\n    <\/div>\n<\/div>\n<div class=\"wp-block-columns\">\n<div class=\"wp-block-column\">\n        <label><br \/>\n            <span>Pa\u00eds:<\/span><br \/>\n            <span class=\"wpcf7-form-control-wrap country\"><select name=\"country\" class=\"wpcf7-form-control wpcf7-select wpcf7-validates-as-required\" aria-required=\"true\" aria-invalid=\"false\"><option value=\"Espa\u00f1a\">Espa\u00f1a<\/option><option value=\"Afghanistan\">Afghanistan<\/option><option value=\"Albania\">Albania<\/option><option value=\"Algeria\">Algeria<\/option><option value=\"American Samoa\">American Samoa<\/option><option value=\"Andorra\">Andorra<\/option><option value=\"Angola\">Angola<\/option><option value=\"Anguilla\">Anguilla<\/option><option value=\"Antarctica\">Antarctica<\/option><option value=\"Antigua and Barbuda\">Antigua and Barbuda<\/option><option value=\"Argentina\">Argentina<\/option><option value=\"Armenia\">Armenia<\/option><option value=\"Aruba\">Aruba<\/option><option value=\"Australia\">Australia<\/option><option value=\"Austria\">Austria<\/option><option value=\"Azerbaijan\">Azerbaijan<\/option><option value=\"Bahamas (the)\">Bahamas (the)<\/option><option value=\"Bahrain\">Bahrain<\/option><option value=\"Bangladesh\">Bangladesh<\/option><option value=\"Barbados\">Barbados<\/option><option value=\"Belarus\">Belarus<\/option><option value=\"Belgium\">Belgium<\/option><option value=\"Belize\">Belize<\/option><option value=\"Benin\">Benin<\/option><option value=\"Bermuda\">Bermuda<\/option><option value=\"Bhutan\">Bhutan<\/option><option value=\"Bolivia (Plurinational State of)\">Bolivia (Plurinational State of)<\/option><option value=\"Bonaire, Sint Eustatius and Saba\">Bonaire, Sint Eustatius and Saba<\/option><option value=\"Bosnia and Herzegovina\">Bosnia and Herzegovina<\/option><option value=\"Botswana\">Botswana<\/option><option value=\"Bouvet Island\">Bouvet Island<\/option><option value=\"Brazil\">Brazil<\/option><option value=\"British Indian Ocean Territory (the)\">British Indian Ocean Territory (the)<\/option><option value=\"Brunei Darussalam\">Brunei Darussalam<\/option><option value=\"Bulgaria\">Bulgaria<\/option><option value=\"Burkina Faso\">Burkina Faso<\/option><option value=\"Burundi\">Burundi<\/option><option value=\"Cabo Verde\">Cabo Verde<\/option><option value=\"Cambodia\">Cambodia<\/option><option value=\"Cameroon\">Cameroon<\/option><option value=\"Canada\">Canada<\/option><option value=\"Cayman Islands (the)\">Cayman Islands (the)<\/option><option value=\"Central African Republic (the)\">Central African Republic (the)<\/option><option value=\"Chad\">Chad<\/option><option value=\"Chile\">Chile<\/option><option value=\"China\">China<\/option><option value=\"Christmas Island\">Christmas Island<\/option><option value=\"Cocos (Keeling) Islands (the)\">Cocos (Keeling) Islands (the)<\/option><option value=\"Colombia\">Colombia<\/option><option value=\"Comoros (the)\">Comoros (the)<\/option><option value=\"Congo (the Democratic Republic of the)\">Congo (the Democratic Republic of the)<\/option><option value=\"Congo (the)\">Congo (the)<\/option><option value=\"Cook Islands (the)\">Cook Islands (the)<\/option><option value=\"Costa Rica\">Costa Rica<\/option><option value=\"Croatia\">Croatia<\/option><option value=\"Cuba\">Cuba<\/option><option value=\"Cura\u00e7ao\">Cura\u00e7ao<\/option><option value=\"Cyprus\">Cyprus<\/option><option value=\"Czechia\">Czechia<\/option><option value=\"C\u00f4te d&#039;Ivoire\">C\u00f4te d&#039;Ivoire<\/option><option value=\"Denmark\">Denmark<\/option><option value=\"Djibouti\">Djibouti<\/option><option value=\"Dominica\">Dominica<\/option><option value=\"Dominican Republic (the)\">Dominican Republic (the)<\/option><option value=\"Ecuador\">Ecuador<\/option><option value=\"Egypt\">Egypt<\/option><option value=\"El Salvador\">El Salvador<\/option><option value=\"Equatorial Guinea\">Equatorial Guinea<\/option><option value=\"Eritrea\">Eritrea<\/option><option value=\"Estonia\">Estonia<\/option><option value=\"Eswatini\">Eswatini<\/option><option value=\"Ethiopia\">Ethiopia<\/option><option value=\"Falkland Islands\">Falkland Islands<\/option><option value=\"Faroe Islands (the)\">Faroe Islands (the)<\/option><option value=\"Fiji\">Fiji<\/option><option value=\"Finland\">Finland<\/option><option value=\"France\">France<\/option><option value=\"French Guiana\">French Guiana<\/option><option value=\"French Polynesia\">French Polynesia<\/option><option value=\"French Southern Territories (the)\">French Southern Territories (the)<\/option><option value=\"Gabon\">Gabon<\/option><option value=\"Gambia (the)\">Gambia (the)<\/option><option value=\"Georgia\">Georgia<\/option><option value=\"Germany\">Germany<\/option><option value=\"Ghana\">Ghana<\/option><option value=\"Gibraltar\">Gibraltar<\/option><option value=\"Greece\">Greece<\/option><option value=\"Greenland\">Greenland<\/option><option value=\"Grenada\">Grenada<\/option><option value=\"Guadeloupe\">Guadeloupe<\/option><option value=\"Guam\">Guam<\/option><option value=\"Guatemala\">Guatemala<\/option><option value=\"Guernsey\">Guernsey<\/option><option value=\"Guinea\">Guinea<\/option><option value=\"Guinea-Bissau\">Guinea-Bissau<\/option><option value=\"Guyana\">Guyana<\/option><option value=\"Haiti\">Haiti<\/option><option value=\"Heard Island and McDonald Islands\">Heard Island and McDonald Islands<\/option><option value=\"Holy See (the)\">Holy See (the)<\/option><option value=\"Honduras\">Honduras<\/option><option value=\"Hong Kong\">Hong Kong<\/option><option value=\"Hungary\">Hungary<\/option><option value=\"Iceland\">Iceland<\/option><option value=\"India\">India<\/option><option value=\"Indonesia\">Indonesia<\/option><option value=\"Iran (Islamic Republic of)\">Iran (Islamic Republic of)<\/option><option value=\"Iraq\">Iraq<\/option><option value=\"Ireland\">Ireland<\/option><option value=\"Isle of Man\">Isle of Man<\/option><option value=\"Israel\">Israel<\/option><option value=\"Italy\">Italy<\/option><option value=\"Jamaica\">Jamaica<\/option><option value=\"Japan\">Japan<\/option><option value=\"Jersey\">Jersey<\/option><option value=\"Jordan\">Jordan<\/option><option value=\"Kazakhstan\">Kazakhstan<\/option><option value=\"Kenya\">Kenya<\/option><option value=\"Kiribati\">Kiribati<\/option><option value=\"Korea (the Democratic People&#039;s Republic of)\">Korea (the Democratic People&#039;s Republic of)<\/option><option value=\"Korea (the Republic of)\">Korea (the Republic of)<\/option><option value=\"Kuwait\">Kuwait<\/option><option value=\"Kyrgyzstan\">Kyrgyzstan<\/option><option value=\"Lao People&#039;s Democratic Republic (the)\">Lao People&#039;s Democratic Republic (the)<\/option><option value=\"Latvia\">Latvia<\/option><option value=\"Lebanon\">Lebanon<\/option><option value=\"Lesotho\">Lesotho<\/option><option value=\"Liberia\">Liberia<\/option><option value=\"Libya\">Libya<\/option><option value=\"Liechtenstein\">Liechtenstein<\/option><option value=\"Lithuania\">Lithuania<\/option><option value=\"Luxembourg\">Luxembourg<\/option><option value=\"Macao\">Macao<\/option><option value=\"Madagascar\">Madagascar<\/option><option value=\"Malawi\">Malawi<\/option><option value=\"Malaysia\">Malaysia<\/option><option value=\"Maldives\">Maldives<\/option><option value=\"Mali\">Mali<\/option><option value=\"Malta\">Malta<\/option><option value=\"Marshall Islands (the)\">Marshall Islands (the)<\/option><option value=\"Martinique\">Martinique<\/option><option value=\"Mauritania\">Mauritania<\/option><option value=\"Mauritius\">Mauritius<\/option><option value=\"Mayotte\">Mayotte<\/option><option value=\"Mexico\">Mexico<\/option><option value=\"Micronesia (Federated States of)\">Micronesia (Federated States of)<\/option><option value=\"Moldova (the Republic of)\">Moldova (the Republic of)<\/option><option value=\"Monaco\">Monaco<\/option><option value=\"Mongolia\">Mongolia<\/option><option value=\"Montenegro\">Montenegro<\/option><option value=\"Montserrat\">Montserrat<\/option><option value=\"Morocco\">Morocco<\/option><option value=\"Mozambique\">Mozambique<\/option><option value=\"Myanmar\">Myanmar<\/option><option value=\"Namibia\">Namibia<\/option><option value=\"Nauru\">Nauru<\/option><option value=\"Nepal\">Nepal<\/option><option value=\"Netherlands (the)\">Netherlands (the)<\/option><option value=\"New Caledonia\">New Caledonia<\/option><option value=\"New Zealand\">New Zealand<\/option><option value=\"Nicaragua\">Nicaragua<\/option><option value=\"Niger (the)\">Niger (the)<\/option><option value=\"Nigeria\">Nigeria<\/option><option value=\"Niue\">Niue<\/option><option value=\"Norfolk Island\">Norfolk Island<\/option><option value=\"North Macedonia\">North Macedonia<\/option><option value=\"Northern Mariana Islands (the)\">Northern Mariana Islands (the)<\/option><option value=\"Norway\">Norway<\/option><option value=\"Oman\">Oman<\/option><option value=\"Pakistan\">Pakistan<\/option><option value=\"Palau\">Palau<\/option><option value=\"Palestine, State of\">Palestine, State of<\/option><option value=\"Panama\">Panama<\/option><option value=\"Papua New Guinea\">Papua New Guinea<\/option><option value=\"Paraguay\">Paraguay<\/option><option value=\"Peru\">Peru<\/option><option value=\"Philippines (the)\">Philippines (the)<\/option><option value=\"Pitcairn\">Pitcairn<\/option><option value=\"Poland\">Poland<\/option><option value=\"Portugal\">Portugal<\/option><option value=\"Puerto Rico\">Puerto Rico<\/option><option value=\"Qatar\">Qatar<\/option><option value=\"Romania\">Romania<\/option><option value=\"Russian Federation (the)\">Russian Federation (the)<\/option><option value=\"Rwanda\">Rwanda<\/option><option value=\"R\u00e9union\">R\u00e9union<\/option><option value=\"Saint Barth\u00e9lemy\">Saint Barth\u00e9lemy<\/option><option value=\"Saint Helena, Ascension and Tristan da Cunha\">Saint Helena, Ascension and Tristan da Cunha<\/option><option value=\"Saint Kitts and Nevis\">Saint Kitts and Nevis<\/option><option value=\"Saint Lucia\">Saint Lucia<\/option><option value=\"Saint Martin (French part)\">Saint Martin (French part)<\/option><option value=\"Saint Pierre and Miquelon\">Saint Pierre and Miquelon<\/option><option value=\"Saint Vincent and the Grenadines\">Saint Vincent and the Grenadines<\/option><option value=\"Samoa\">Samoa<\/option><option value=\"San Marino\">San Marino<\/option><option value=\"Sao Tome and Principe\">Sao Tome and Principe<\/option><option value=\"Saudi Arabia\">Saudi Arabia<\/option><option value=\"Senegal\">Senegal<\/option><option value=\"Serbia\">Serbia<\/option><option value=\"Seychelles\">Seychelles<\/option><option value=\"Sierra Leone\">Sierra Leone<\/option><option value=\"Singapore\">Singapore<\/option><option value=\"Sint Maarten (Dutch part)\">Sint Maarten (Dutch part)<\/option><option value=\"Slovakia\">Slovakia<\/option><option value=\"Slovenia\">Slovenia<\/option><option value=\"Solomon Islands\">Solomon Islands<\/option><option value=\"Somalia\">Somalia<\/option><option value=\"South Africa\">South Africa<\/option><option value=\"South Georgia and the South Sandwich Islands\">South Georgia and the South Sandwich Islands<\/option><option value=\"South Sudan\">South Sudan<\/option><option value=\"Sri Lanka\">Sri Lanka<\/option><option value=\"Sudan (the)\">Sudan (the)<\/option><option value=\"Suriname\">Suriname<\/option><option value=\"Svalbard and Jan Mayen\">Svalbard and Jan Mayen<\/option><option value=\"Sweden\">Sweden<\/option><option value=\"Switzerland\">Switzerland<\/option><option value=\"Syrian Arab Republic (the)\">Syrian Arab Republic (the)<\/option><option value=\"Taiwan (Province of China)\">Taiwan (Province of China)<\/option><option value=\"Tajikistan\">Tajikistan<\/option><option value=\"Tanzania, the United Republic of\">Tanzania, the United Republic of<\/option><option value=\"Thailand\">Thailand<\/option><option value=\"Timor-Leste\">Timor-Leste<\/option><option value=\"Togo\">Togo<\/option><option value=\"Tokelau\">Tokelau<\/option><option value=\"Tonga\">Tonga<\/option><option value=\"Trinidad and Tobago\">Trinidad and Tobago<\/option><option value=\"Tunisia\">Tunisia<\/option><option value=\"Turkey\">Turkey<\/option><option value=\"Turkmenistan\">Turkmenistan<\/option><option value=\"Turks and Caicos Islands (the)\">Turks and Caicos Islands (the)<\/option><option value=\"Tuvalu\">Tuvalu<\/option><option value=\"Uganda\">Uganda<\/option><option value=\"Ukraine\">Ukraine<\/option><option value=\"United Arab Emirates (the)\">United Arab Emirates (the)<\/option><option value=\"United Kingdom of Great Britain and Northern Ireland (the)\">United Kingdom of Great Britain and Northern Ireland (the)<\/option><option value=\"United States Minor Outlying Islands (the)\">United States Minor Outlying Islands (the)<\/option><option value=\"United States of America (the)\">United States of America (the)<\/option><option value=\"Uruguay\">Uruguay<\/option><option value=\"Uzbekistan\">Uzbekistan<\/option><option value=\"Vanuatu\">Vanuatu<\/option><option value=\"Venezuela (Bolivarian Republic of)\">Venezuela (Bolivarian Republic of)<\/option><option value=\"Viet Nam\">Viet Nam<\/option><option value=\"Virgin Islands (British)\">Virgin Islands (British)<\/option><option value=\"Virgin Islands (U.S.)\">Virgin Islands (U.S.)<\/option><option value=\"Wallis and Futuna\">Wallis and Futuna<\/option><option value=\"Western Sahara*\">Western Sahara*<\/option><option value=\"Yemen\">Yemen<\/option><option value=\"Zambia\">Zambia<\/option><option value=\"Zimbabwe\">Zimbabwe<\/option><option value=\"\u00c5land Islands\">\u00c5land Islands<\/option><\/select><\/span><br \/>\n        <\/label>\n    <\/div>\n<div class=\"wp-block-column\">\n        <label><br \/>\n            <span>Tipo de consulta:<\/span><br \/>\n            <span class=\"wpcf7-form-control-wrap type-of-question\"><select name=\"type-of-question\" class=\"wpcf7-form-control wpcf7-select wpcf7-validates-as-required\" aria-required=\"true\" aria-invalid=\"false\"><option value=\"Selecione...\">Selecione...<\/option><option value=\"Interesado en Venta de residuo pl\u00e1stico\">Interesado en Venta de residuo pl\u00e1stico<\/option><option value=\"Interesado en compra de granza\">Interesado en compra de granza<\/option><option value=\"Otros\">Otros<\/option><\/select><\/span><br \/>\n        <\/label>\n    <\/div>\n<\/div>\n<div class=\"wp-block-columns\">\n<div class=\"wp-block-column\">\n        <label><br \/>\n            Mensaje<br \/>\n            <span class=\"wpcf7-form-control-wrap your-message\"><textarea name=\"your-message\" cols=\"40\" rows=\"10\" class=\"wpcf7-form-control wpcf7-textarea wpcf7-validates-as-required\" aria-required=\"true\" aria-invalid=\"false\"><\/textarea><\/span><br \/>\n        <\/label>\n    <\/div>\n<\/div>\n<div class=\"wp-block-columns\">\n<div class=\"wp-block-column\">\n        <label><br \/>\n             <span class=\"wpcf7-form-control-wrap rgpd\"><span class=\"wpcf7-form-control wpcf7-acceptance\"><span class=\"wpcf7-list-item\"><input type=\"checkbox\" name=\"rgpd\" value=\"1\" aria-invalid=\"false\" \/><\/span><\/span><\/span>Acepto que he le\u00eddo y estoy conforme con el <a href=\"https:\/\/www.danosa.com\/es-es\/wp-content\/uploads\/sites\/2\/2022\/03\/DANOSA_Consentimiento_para_el_tratamiento_de_datos.pdf\">consentimiento para el tratamiento de datos personales<\/a>.<br \/>\n        <\/label>\n    <\/div>\n<\/div>\n<p><input type=\"submit\" value=\"Enviar\" class=\"wpcf7-form-control has-spinner wpcf7-submit\" \/><\/p>\n<div class=\"wpcf7-response-output\" aria-hidden=\"true\"><\/div><\/form><\/div><\/div>\n<\/div>\n\n\n\n<div class=\"is-layout-flow wp-block-column\" style=\"flex-basis:30%\" id=\"contact-container-info\">\n<div class=\"is-layout-flow wp-block-group\"><div class=\"wp-block-group__inner-container\">\n<h2 id=\"danosa-recycling\">Danosa Recycling<\/h2>\n\n\n\n<p>Poligono Industrial Sector 9<br\/>19290 &#8211; Fontanar (Guadalajara)<br\/>Espa\u00f1a<\/p>\n\n\n\n<p>Tel. +34 949 888 210<br\/>Ext. 1184<br\/>Email: danosarecycling@danosa.com<\/p>\n\n\n\n<p><\/p>\n\n\n\n<p><\/p>\n\n\n\n<figure class=\"wp-block-image size-full\"><img decoding=\"async\" loading=\"lazy\" width=\"200\" height=\"77\" src=\"http:\/\/danosarecycling.com\/wp-content\/uploads\/2022\/02\/DanosaRecycling_logoAnimado_200px.gif\" alt=\"\" class=\"wp-image-301\"\/><\/figure>\n<\/div><\/div>\n<\/div>\n<\/div>\n","protected":false},"excerpt":{"rendered":"<p>Contacte-nos Por favor, preencha o seguinte formul\u00e1rio e entraremos em contacto consigo o mais rapidamente poss\u00edvel. Danosa Recycling Poligono Industrial Sector 919290 &#8211; Fontanar (Guadalajara)Espa\u00f1a Tel. +34 949 888 210Ext. 1184Email: danosarecycling@danosa.com<\/p>\n","protected":false},"author":2,"featured_media":0,"parent":0,"menu_order":0,"comment_status":"closed","ping_status":"closed","template":"","meta":{"inline_featured_image":false,"site-sidebar-layout":"default","site-content-layout":"default","ast-main-header-display":"","ast-hfb-above-header-display":"","ast-hfb-below-header-display":"","ast-hfb-mobile-header-display":"","site-post-title":"disabled","ast-breadcrumbs-content":"","ast-featured-img":"","footer-sml-layout":"","theme-transparent-header-meta":"","adv-header-id-meta":"","stick-header-meta":"","header-above-stick-meta":"","header-main-stick-meta":"","header-below-stick-meta":""},"_links":{"self":[{"href":"https:\/\/danosarecycling.com\/pt-pt\/wp-json\/wp\/v2\/pages\/631"}],"collection":[{"href":"https:\/\/danosarecycling.com\/pt-pt\/wp-json\/wp\/v2\/pages"}],"about":[{"href":"https:\/\/danosarecycling.com\/pt-pt\/wp-json\/wp\/v2\/types\/page"}],"author":[{"embeddable":true,"href":"https:\/\/danosarecycling.com\/pt-pt\/wp-json\/wp\/v2\/users\/2"}],"replies":[{"embeddable":true,"href":"https:\/\/danosarecycling.com\/pt-pt\/wp-json\/wp\/v2\/comments?post=631"}],"version-history":[{"count":8,"href":"https:\/\/danosarecycling.com\/pt-pt\/wp-json\/wp\/v2\/pages\/631\/revisions"}],"predecessor-version":[{"id":655,"href":"https:\/\/danosarecycling.com\/pt-pt\/wp-json\/wp\/v2\/pages\/631\/revisions\/655"}],"wp:attachment":[{"href":"https:\/\/danosarecycling.com\/pt-pt\/wp-json\/wp\/v2\/media?parent=631"}],"curies":[{"name":"wp","href":"https:\/\/api.w.org\/{rel}","templated":true}]}}